{"id":5877,"date":"2025-10-10T08:04:17","date_gmt":"2025-10-10T08:04:17","guid":{"rendered":"https:\/\/sanmeimetal.com\/?page_id=5877"},"modified":"2025-10-10T08:04:17","modified_gmt":"2025-10-10T08:04:17","slug":"stainless-steel-structural-steel-2","status":"publish","type":"page","link":"https:\/\/sanmeimetal.com\/pt_br\/stainless-steel-structural-steel-2\/","title":{"rendered":"Componentes e fabrica\u00e7\u00e3o de a\u00e7o estrutural em a\u00e7o inoxid\u00e1vel | Sanmei"},"content":{"rendered":"","protected":false},"excerpt":{"rendered":"","protected":false},"author":1,"featured_media":5879,"parent":0,"menu_order":8,"comment_status":"closed","ping_status":"closed","template":"","meta":{"_joinchat":[],"footnotes":""},"class_list":["post-5877","page","type-page","status-publish","has-post-thumbnail","hentry"],"_links":{"self":[{"href":"https:\/\/sanmeimetal.com\/pt_br\/wp-json\/wp\/v2\/pages\/5877","targetHints":{"allow":["GET"]}}],"collection":[{"href":"https:\/\/sanmeimetal.com\/pt_br\/wp-json\/wp\/v2\/pages"}],"about":[{"href":"https:\/\/sanmeimetal.com\/pt_br\/wp-json\/wp\/v2\/types\/page"}],"author":[{"embeddable":true,"href":"https:\/\/sanmeimetal.com\/pt_br\/wp-json\/wp\/v2\/users\/1"}],"replies":[{"embeddable":true,"href":"https:\/\/sanmeimetal.com\/pt_br\/wp-json\/wp\/v2\/comments?post=5877"}],"version-history":[{"count":2,"href":"https:\/\/sanmeimetal.com\/pt_br\/wp-json\/wp\/v2\/pages\/5877\/revisions"}],"predecessor-version":[{"id":5887,"href":"https:\/\/sanmeimetal.com\/pt_br\/wp-json\/wp\/v2\/pages\/5877\/revisions\/5887"}],"wp:featuredmedia":[{"embeddable":true,"href":"https:\/\/sanmeimetal.com\/pt_br\/wp-json\/wp\/v2\/media\/5879"}],"wp:attachment":[{"href":"https:\/\/sanmeimetal.com\/pt_br\/wp-json\/wp\/v2\/media?parent=5877"}],"curies":[{"name":"wp","href":"https:\/\/api.w.org\/{rel}","templated":true}]}}