{"id":36244,"date":"2026-01-26T05:31:32","date_gmt":"2026-01-26T05:31:32","guid":{"rendered":"https:\/\/sanmeimetal.com\/?page_id=36244"},"modified":"2026-01-29T05:45:45","modified_gmt":"2026-01-29T05:45:45","slug":"project-based-profiles","status":"publish","type":"page","link":"https:\/\/sanmeimetal.com\/tr\/stainless-steel-structural-steel-2\/project-based-profiles\/","title":{"rendered":"Paslanmaz \u00c7elik Yap\u0131sal \u00c7elik | Proje \u0130malat Deste\u011fi"},"content":{"rendered":"","protected":false},"excerpt":{"rendered":"","protected":false},"author":1,"featured_media":36277,"parent":5877,"menu_order":0,"comment_status":"closed","ping_status":"closed","template":"","meta":{"_joinchat":[],"footnotes":""},"class_list":["post-36244","page","type-page","status-publish","has-post-thumbnail","hentry"],"_links":{"self":[{"href":"https:\/\/sanmeimetal.com\/tr\/wp-json\/wp\/v2\/pages\/36244","targetHints":{"allow":["GET"]}}],"collection":[{"href":"https:\/\/sanmeimetal.com\/tr\/wp-json\/wp\/v2\/pages"}],"about":[{"href":"https:\/\/sanmeimetal.com\/tr\/wp-json\/wp\/v2\/types\/page"}],"author":[{"embeddable":true,"href":"https:\/\/sanmeimetal.com\/tr\/wp-json\/wp\/v2\/users\/1"}],"replies":[{"embeddable":true,"href":"https:\/\/sanmeimetal.com\/tr\/wp-json\/wp\/v2\/comments?post=36244"}],"version-history":[{"count":4,"href":"https:\/\/sanmeimetal.com\/tr\/wp-json\/wp\/v2\/pages\/36244\/revisions"}],"predecessor-version":[{"id":36278,"href":"https:\/\/sanmeimetal.com\/tr\/wp-json\/wp\/v2\/pages\/36244\/revisions\/36278"}],"up":[{"embeddable":true,"href":"https:\/\/sanmeimetal.com\/tr\/wp-json\/wp\/v2\/pages\/5877"}],"wp:featuredmedia":[{"embeddable":true,"href":"https:\/\/sanmeimetal.com\/tr\/wp-json\/wp\/v2\/media\/36277"}],"wp:attachment":[{"href":"https:\/\/sanmeimetal.com\/tr\/wp-json\/wp\/v2\/media?parent=36244"}],"curies":[{"name":"wp","href":"https:\/\/api.w.org\/{rel}","templated":true}]}}