{"id":6388,"date":"2025-11-13T02:49:26","date_gmt":"2025-11-13T02:49:26","guid":{"rendered":"https:\/\/sanmeimetal.com\/?page_id=6388"},"modified":"2025-11-13T02:49:26","modified_gmt":"2025-11-13T02:49:26","slug":"china-stainless-steel-dossier","status":"publish","type":"page","link":"https:\/\/sanmeimetal.com\/tr\/china-stainless-steel-dossier\/","title":{"rendered":"\u00c7in&#039;in #1 Paslanmaz \u00c7elik Dosyas\u0131 \u2014 \u00dcCRETS\u0130Z \u0130ndirin"},"content":{"rendered":"","protected":false},"excerpt":{"rendered":"","protected":false},"author":1,"featured_media":6389,"parent":0,"menu_order":6,"comment_status":"closed","ping_status":"closed","template":"","meta":{"_joinchat":[],"footnotes":""},"class_list":["post-6388","page","type-page","status-publish","has-post-thumbnail","hentry"],"_links":{"self":[{"href":"https:\/\/sanmeimetal.com\/tr\/wp-json\/wp\/v2\/pages\/6388","targetHints":{"allow":["GET"]}}],"collection":[{"href":"https:\/\/sanmeimetal.com\/tr\/wp-json\/wp\/v2\/pages"}],"about":[{"href":"https:\/\/sanmeimetal.com\/tr\/wp-json\/wp\/v2\/types\/page"}],"author":[{"embeddable":true,"href":"https:\/\/sanmeimetal.com\/tr\/wp-json\/wp\/v2\/users\/1"}],"replies":[{"embeddable":true,"href":"https:\/\/sanmeimetal.com\/tr\/wp-json\/wp\/v2\/comments?post=6388"}],"version-history":[{"count":1,"href":"https:\/\/sanmeimetal.com\/tr\/wp-json\/wp\/v2\/pages\/6388\/revisions"}],"predecessor-version":[{"id":6390,"href":"https:\/\/sanmeimetal.com\/tr\/wp-json\/wp\/v2\/pages\/6388\/revisions\/6390"}],"wp:featuredmedia":[{"embeddable":true,"href":"https:\/\/sanmeimetal.com\/tr\/wp-json\/wp\/v2\/media\/6389"}],"wp:attachment":[{"href":"https:\/\/sanmeimetal.com\/tr\/wp-json\/wp\/v2\/media?parent=6388"}],"curies":[{"name":"wp","href":"https:\/\/api.w.org\/{rel}","templated":true}]}}