{"id":6991,"date":"2026-01-23T09:47:45","date_gmt":"2026-01-23T09:47:45","guid":{"rendered":"https:\/\/sanmeimetal.com\/?page_id=6991"},"modified":"2026-01-26T08:59:16","modified_gmt":"2026-01-26T08:59:16","slug":"architectural-metalwork-stainless-steel-fabrication","status":"publish","type":"page","link":"https:\/\/sanmeimetal.com\/tr\/architectural-metalwork-stainless-steel-fabrication\/","title":{"rendered":"Mimari Metal \u0130\u015fleri | Paslanmaz \u00c7elik \u0130malat Projeleri"},"content":{"rendered":"","protected":false},"excerpt":{"rendered":"","protected":false},"author":1,"featured_media":5680,"parent":0,"menu_order":2,"comment_status":"closed","ping_status":"closed","template":"","meta":{"_joinchat":[],"footnotes":""},"class_list":["post-6991","page","type-page","status-publish","has-post-thumbnail","hentry"],"_links":{"self":[{"href":"https:\/\/sanmeimetal.com\/tr\/wp-json\/wp\/v2\/pages\/6991","targetHints":{"allow":["GET"]}}],"collection":[{"href":"https:\/\/sanmeimetal.com\/tr\/wp-json\/wp\/v2\/pages"}],"about":[{"href":"https:\/\/sanmeimetal.com\/tr\/wp-json\/wp\/v2\/types\/page"}],"author":[{"embeddable":true,"href":"https:\/\/sanmeimetal.com\/tr\/wp-json\/wp\/v2\/users\/1"}],"replies":[{"embeddable":true,"href":"https:\/\/sanmeimetal.com\/tr\/wp-json\/wp\/v2\/comments?post=6991"}],"version-history":[{"count":1,"href":"https:\/\/sanmeimetal.com\/tr\/wp-json\/wp\/v2\/pages\/6991\/revisions"}],"predecessor-version":[{"id":6992,"href":"https:\/\/sanmeimetal.com\/tr\/wp-json\/wp\/v2\/pages\/6991\/revisions\/6992"}],"wp:featuredmedia":[{"embeddable":true,"href":"https:\/\/sanmeimetal.com\/tr\/wp-json\/wp\/v2\/media\/5680"}],"wp:attachment":[{"href":"https:\/\/sanmeimetal.com\/tr\/wp-json\/wp\/v2\/media?parent=6991"}],"curies":[{"name":"wp","href":"https:\/\/api.w.org\/{rel}","templated":true}]}}